{"id":28035,"date":"2022-01-27T16:28:26","date_gmt":"2022-01-27T15:28:26","guid":{"rendered":"https:\/\/www.febega.com\/producto\/mini-arazzo-ginnastica-ritmica-2x15\/"},"modified":"2025-11-25T21:38:53","modified_gmt":"2025-11-25T20:38:53","slug":"mini-arazzo-ginnastica-ritmica-2x15","status":"publish","type":"product","link":"https:\/\/www.febega.com\/it\/producto\/mini-arazzo-ginnastica-ritmica-2x15\/","title":{"rendered":"Mini Pedana Ginnastica ritmica (2&#215;1,5)"},"content":{"rendered":"<p>Il nostro <b>mini Pedana per la ginnastica ritmica<\/b> \u00e8 esattamente uguale a quelli da competizione ma con dimensioni ridotte, per questo \u00e8 perfetto per praticare la ginnastica ritmica a casa. Abbiamo inoltre inserito nuove caratteristiche: tutti i mini Pedana sono ora dotati di bordi, che offrono una maggiore durata rispetto ad altri prodotti concorrenti in quanto evitano lo sfilacciamento (un problema molto comune nei Pedana). Finitura professionale e molto morbida al tatto, condizioni non abrasive in conformit\u00e0 alle normative FIG.<\/p>\n<p>La cosa pi\u00f9 importante per noi \u00e8 poter offrire ai nostri clienti il miglior servizio possibile. A prezzi contenuti \u00e8 possibile praticare la ginnastica ritmica sul proprio mini Pedana. Il miglior rapporto qualit\u00e0-prezzo sul mercato, ve lo assicuriamo.<\/p>\n<p><b>Materiale<\/b>: il materiale di fabbricazione \u00e8 lo stesso dei Pedana da competizione. Poliestere morbido di qualit\u00e0 Elite (9 mm). Base in juta sintetica antiscivolo su qualsiasi tipo di pavimento.<\/p>\n<p><strong>Disponibile in diverse dimensioni, da 2&#215;1,5 metri a 3&#215;3 metri.<\/strong>  Per altre dimensioni, si prega di richiedere un preventivo via e-mail febega.sl@gmail.com o telefonicamente 647560455.<\/p>\n<p>La manutenzione \u00e8 molto semplice. Pulire con l&#8217;aspirapolvere e arrotolare correttamente per evitare di creare pieghe difficili da rimuovere.<\/p>\n<p>Tutte le bambine che l&#8217;hanno provato sono entusiaste del nostro mini Pedana e durante questa pandemia si sono godute la ginnastica ritmica a casa loro.<\/p>\n<p>Consegna rapida nella Spagna continentale (24\/48 ore durante l&#8217;orario di lavoro, esclusi i fine settimana e i giorni festivi) a partire dalla conferma del pagamento.<\/p>\n<p>Febega Sports, specialisti in Pedana per la ginnastica ritmica.<\/p>\n","protected":false},"excerpt":{"rendered":"<p>Il nostro mini Pedana per la ginnastica ritmica \u00e8 esattamente uguale a quelli da competizione ma con dimensioni ridotte, per&#8230;<\/p>\n","protected":false},"featured_media":27965,"template":"","meta":[],"product_brand":[],"product_cat":[220],"product_tag":[],"class_list":{"0":"post-28035","1":"product","2":"type-product","3":"status-publish","4":"has-post-thumbnail","6":"product_cat-mini-pedana","7":"product_shipping_class-mini-arazzi-piccoli","9":"first","10":"outofstock","11":"taxable","12":"shipping-taxable","13":"purchasable","14":"product-type-simple"},"yoast_head":"<!-- This site is optimized with the Yoast SEO plugin v27.0 - https:\/\/yoast.com\/product\/yoast-seo-wordpress\/ -->\n<title>-% FEBEGA Sports<\/title>\n<meta name=\"description\" content=\"Il nostro mini Pedana per la ginnastica ritmica \u00e8 proprio come i Pedana da competizione con dimensioni ridotte, perfetto per allenarsi a casa.\" \/>\n<meta name=\"robots\" content=\"index, follow, max-snippet:-1, max-image-preview:large, max-video-preview:-1\" \/>\n<link rel=\"canonical\" href=\"https:\/\/www.febega.com\/it\/producto\/mini-arazzo-ginnastica-ritmica-2x15\/\" \/>\n<meta property=\"og:locale\" content=\"it_IT\" \/>\n<meta property=\"og:type\" content=\"article\" \/>\n<meta property=\"og:title\" content=\"-% FEBEGA Sports\" \/>\n<meta property=\"og:description\" content=\"Il nostro mini Pedana per la ginnastica ritmica \u00e8 proprio come i Pedana da competizione con dimensioni ridotte, perfetto per allenarsi a casa.\" \/>\n<meta property=\"og:url\" content=\"https:\/\/www.febega.com\/it\/producto\/mini-arazzo-ginnastica-ritmica-2x15\/\" \/>\n<meta property=\"og:site_name\" content=\"Febega Sports\" \/>\n<meta property=\"article:modified_time\" content=\"2025-11-25T20:38:53+00:00\" \/>\n<meta property=\"og:image\" content=\"https:\/\/www.febega.com\/wp-content\/uploads\/2022\/01\/5.png\" \/>\n\t<meta property=\"og:image:width\" content=\"1000\" \/>\n\t<meta property=\"og:image:height\" content=\"1000\" \/>\n\t<meta property=\"og:image:type\" content=\"image\/png\" \/>\n<meta name=\"twitter:card\" content=\"summary_large_image\" \/>\n<meta name=\"twitter:label1\" content=\"Tempo di lettura stimato\" \/>\n\t<meta name=\"twitter:data1\" content=\"1 minuto\" \/>\n<script type=\"application\/ld+json\" class=\"yoast-schema-graph\">{\"@context\":\"https:\/\/schema.org\",\"@graph\":[{\"@type\":\"WebPage\",\"@id\":\"https:\/\/www.febega.com\/it\/producto\/mini-arazzo-ginnastica-ritmica-2x15\/\",\"url\":\"https:\/\/www.febega.com\/it\/producto\/mini-arazzo-ginnastica-ritmica-2x15\/\",\"name\":\"-% FEBEGA Sports\",\"isPartOf\":{\"@id\":\"https:\/\/www.febega.com\/it\/#website\"},\"primaryImageOfPage\":{\"@id\":\"https:\/\/www.febega.com\/it\/producto\/mini-arazzo-ginnastica-ritmica-2x15\/#primaryimage\"},\"image\":{\"@id\":\"https:\/\/www.febega.com\/it\/producto\/mini-arazzo-ginnastica-ritmica-2x15\/#primaryimage\"},\"thumbnailUrl\":\"https:\/\/www.febega.com\/wp-content\/uploads\/2022\/01\/5.png\",\"datePublished\":\"2022-01-27T15:28:26+00:00\",\"dateModified\":\"2025-11-25T20:38:53+00:00\",\"description\":\"Il nostro mini Pedana per la ginnastica ritmica \u00e8 proprio come i Pedana da competizione con dimensioni ridotte, perfetto per allenarsi a casa.\",\"breadcrumb\":{\"@id\":\"https:\/\/www.febega.com\/it\/producto\/mini-arazzo-ginnastica-ritmica-2x15\/#breadcrumb\"},\"inLanguage\":\"it-IT\",\"potentialAction\":[{\"@type\":\"ReadAction\",\"target\":[\"https:\/\/www.febega.com\/it\/producto\/mini-arazzo-ginnastica-ritmica-2x15\/\"]}]},{\"@type\":\"ImageObject\",\"inLanguage\":\"it-IT\",\"@id\":\"https:\/\/www.febega.com\/it\/producto\/mini-arazzo-ginnastica-ritmica-2x15\/#primaryimage\",\"url\":\"https:\/\/www.febega.com\/wp-content\/uploads\/2022\/01\/5.png\",\"contentUrl\":\"https:\/\/www.febega.com\/wp-content\/uploads\/2022\/01\/5.png\",\"width\":1000,\"height\":1000},{\"@type\":\"BreadcrumbList\",\"@id\":\"https:\/\/www.febega.com\/it\/producto\/mini-arazzo-ginnastica-ritmica-2x15\/#breadcrumb\",\"itemListElement\":[{\"@type\":\"ListItem\",\"position\":1,\"name\":\"Negozio\",\"item\":\"https:\/\/www.febega.com\/it\/negozio\/\"},{\"@type\":\"ListItem\",\"position\":2,\"name\":\"Mini Pedana Ginnastica ritmica (2&#215;1,5)\"}]},{\"@type\":\"WebSite\",\"@id\":\"https:\/\/www.febega.com\/it\/#website\",\"url\":\"https:\/\/www.febega.com\/it\/\",\"name\":\"Febega sports\",\"description\":\"Especialistas en tapices de Gimnasia R&iacute;tmica\",\"publisher\":{\"@id\":\"https:\/\/www.febega.com\/it\/#organization\"},\"potentialAction\":[{\"@type\":\"SearchAction\",\"target\":{\"@type\":\"EntryPoint\",\"urlTemplate\":\"https:\/\/www.febega.com\/it\/?s={search_term_string}\"},\"query-input\":{\"@type\":\"PropertyValueSpecification\",\"valueRequired\":true,\"valueName\":\"search_term_string\"}}],\"inLanguage\":\"it-IT\"},{\"@type\":\"Organization\",\"@id\":\"https:\/\/www.febega.com\/it\/#organization\",\"name\":\"Febega sports\",\"url\":\"https:\/\/www.febega.com\/it\/\",\"logo\":{\"@type\":\"ImageObject\",\"inLanguage\":\"it-IT\",\"@id\":\"https:\/\/www.febega.com\/it\/#\/schema\/logo\/image\/\",\"url\":\"https:\/\/www.febega.com\/wp-content\/uploads\/2024\/03\/Foto_de_perfil_3.png\",\"contentUrl\":\"https:\/\/www.febega.com\/wp-content\/uploads\/2024\/03\/Foto_de_perfil_3.png\",\"width\":500,\"height\":500,\"caption\":\"Febega sports\"},\"image\":{\"@id\":\"https:\/\/www.febega.com\/it\/#\/schema\/logo\/image\/\"}}]}<\/script>\n<!-- \/ Yoast SEO plugin. -->","yoast_head_json":{"title":"-% FEBEGA Sports","description":"Il nostro mini Pedana per la ginnastica ritmica \u00e8 proprio come i Pedana da competizione con dimensioni ridotte, perfetto per allenarsi a casa.","robots":{"index":"index","follow":"follow","max-snippet":"max-snippet:-1","max-image-preview":"max-image-preview:large","max-video-preview":"max-video-preview:-1"},"canonical":"https:\/\/www.febega.com\/it\/producto\/mini-arazzo-ginnastica-ritmica-2x15\/","og_locale":"it_IT","og_type":"article","og_title":"-% FEBEGA Sports","og_description":"Il nostro mini Pedana per la ginnastica ritmica \u00e8 proprio come i Pedana da competizione con dimensioni ridotte, perfetto per allenarsi a casa.","og_url":"https:\/\/www.febega.com\/it\/producto\/mini-arazzo-ginnastica-ritmica-2x15\/","og_site_name":"Febega Sports","article_modified_time":"2025-11-25T20:38:53+00:00","og_image":[{"width":1000,"height":1000,"url":"https:\/\/www.febega.com\/wp-content\/uploads\/2022\/01\/5.png","type":"image\/png"}],"twitter_card":"summary_large_image","twitter_misc":{"Tempo di lettura stimato":"1 minuto"},"schema":{"@context":"https:\/\/schema.org","@graph":[{"@type":"WebPage","@id":"https:\/\/www.febega.com\/it\/producto\/mini-arazzo-ginnastica-ritmica-2x15\/","url":"https:\/\/www.febega.com\/it\/producto\/mini-arazzo-ginnastica-ritmica-2x15\/","name":"-% FEBEGA Sports","isPartOf":{"@id":"https:\/\/www.febega.com\/it\/#website"},"primaryImageOfPage":{"@id":"https:\/\/www.febega.com\/it\/producto\/mini-arazzo-ginnastica-ritmica-2x15\/#primaryimage"},"image":{"@id":"https:\/\/www.febega.com\/it\/producto\/mini-arazzo-ginnastica-ritmica-2x15\/#primaryimage"},"thumbnailUrl":"https:\/\/www.febega.com\/wp-content\/uploads\/2022\/01\/5.png","datePublished":"2022-01-27T15:28:26+00:00","dateModified":"2025-11-25T20:38:53+00:00","description":"Il nostro mini Pedana per la ginnastica ritmica \u00e8 proprio come i Pedana da competizione con dimensioni ridotte, perfetto per allenarsi a casa.","breadcrumb":{"@id":"https:\/\/www.febega.com\/it\/producto\/mini-arazzo-ginnastica-ritmica-2x15\/#breadcrumb"},"inLanguage":"it-IT","potentialAction":[{"@type":"ReadAction","target":["https:\/\/www.febega.com\/it\/producto\/mini-arazzo-ginnastica-ritmica-2x15\/"]}]},{"@type":"ImageObject","inLanguage":"it-IT","@id":"https:\/\/www.febega.com\/it\/producto\/mini-arazzo-ginnastica-ritmica-2x15\/#primaryimage","url":"https:\/\/www.febega.com\/wp-content\/uploads\/2022\/01\/5.png","contentUrl":"https:\/\/www.febega.com\/wp-content\/uploads\/2022\/01\/5.png","width":1000,"height":1000},{"@type":"BreadcrumbList","@id":"https:\/\/www.febega.com\/it\/producto\/mini-arazzo-ginnastica-ritmica-2x15\/#breadcrumb","itemListElement":[{"@type":"ListItem","position":1,"name":"Negozio","item":"https:\/\/www.febega.com\/it\/negozio\/"},{"@type":"ListItem","position":2,"name":"Mini Pedana Ginnastica ritmica (2&#215;1,5)"}]},{"@type":"WebSite","@id":"https:\/\/www.febega.com\/it\/#website","url":"https:\/\/www.febega.com\/it\/","name":"Febega sports","description":"Especialistas en tapices de Gimnasia R&iacute;tmica","publisher":{"@id":"https:\/\/www.febega.com\/it\/#organization"},"potentialAction":[{"@type":"SearchAction","target":{"@type":"EntryPoint","urlTemplate":"https:\/\/www.febega.com\/it\/?s={search_term_string}"},"query-input":{"@type":"PropertyValueSpecification","valueRequired":true,"valueName":"search_term_string"}}],"inLanguage":"it-IT"},{"@type":"Organization","@id":"https:\/\/www.febega.com\/it\/#organization","name":"Febega sports","url":"https:\/\/www.febega.com\/it\/","logo":{"@type":"ImageObject","inLanguage":"it-IT","@id":"https:\/\/www.febega.com\/it\/#\/schema\/logo\/image\/","url":"https:\/\/www.febega.com\/wp-content\/uploads\/2024\/03\/Foto_de_perfil_3.png","contentUrl":"https:\/\/www.febega.com\/wp-content\/uploads\/2024\/03\/Foto_de_perfil_3.png","width":500,"height":500,"caption":"Febega sports"},"image":{"@id":"https:\/\/www.febega.com\/it\/#\/schema\/logo\/image\/"}}]}},"_links":{"self":[{"href":"https:\/\/www.febega.com\/it\/wp-json\/wp\/v2\/product\/28035","targetHints":{"allow":["GET"]}}],"collection":[{"href":"https:\/\/www.febega.com\/it\/wp-json\/wp\/v2\/product"}],"about":[{"href":"https:\/\/www.febega.com\/it\/wp-json\/wp\/v2\/types\/product"}],"version-history":[{"count":1,"href":"https:\/\/www.febega.com\/it\/wp-json\/wp\/v2\/product\/28035\/revisions"}],"predecessor-version":[{"id":28316,"href":"https:\/\/www.febega.com\/it\/wp-json\/wp\/v2\/product\/28035\/revisions\/28316"}],"wp:featuredmedia":[{"embeddable":true,"href":"https:\/\/www.febega.com\/it\/wp-json\/wp\/v2\/media\/27965"}],"wp:attachment":[{"href":"https:\/\/www.febega.com\/it\/wp-json\/wp\/v2\/media?parent=28035"}],"wp:term":[{"taxonomy":"product_brand","embeddable":true,"href":"https:\/\/www.febega.com\/it\/wp-json\/wp\/v2\/product_brand?post=28035"},{"taxonomy":"product_cat","embeddable":true,"href":"https:\/\/www.febega.com\/it\/wp-json\/wp\/v2\/product_cat?post=28035"},{"taxonomy":"product_tag","embeddable":true,"href":"https:\/\/www.febega.com\/it\/wp-json\/wp\/v2\/product_tag?post=28035"}],"curies":[{"name":"wp","href":"https:\/\/api.w.org\/{rel}","templated":true}]}}